{"id":150,"date":"2025-12-14T23:40:56","date_gmt":"2025-12-14T22:40:56","guid":{"rendered":"https:\/\/www.rigny-usse.mavillavoir.fr\/wordpress\/?page_id=150"},"modified":"2025-12-15T01:10:14","modified_gmt":"2025-12-15T00:10:14","slug":"le-mot-du-maire","status":"publish","type":"page","link":"https:\/\/www.rigny-usse.mavillavoir.fr\/wordpress\/le-mot-du-maire\/","title":{"rendered":"le mot du maire"},"content":{"rendered":"<div class=\"wp-block-image\">\n<figure class=\"aligncenter size-full\"><img loading=\"lazy\" decoding=\"async\" width=\"210\" height=\"210\" src=\"https:\/\/www.rigny-usse.mavillavoir.fr\/wordpress\/wp-content\/uploads\/2025\/12\/J-Jacques_Gazave.jpg\" alt=\"photo du Maire\" class=\"wp-image-101\" srcset=\"https:\/\/www.rigny-usse.mavillavoir.fr\/wordpress\/wp-content\/uploads\/2025\/12\/J-Jacques_Gazave.jpg 210w, https:\/\/www.rigny-usse.mavillavoir.fr\/wordpress\/wp-content\/uploads\/2025\/12\/J-Jacques_Gazave-150x150.jpg 150w\" sizes=\"auto, (max-width: 210px) 100vw, 210px\" \/><\/figure>\n<\/div>\n\n\n<p>Rigny-Uss\u00e9, commune rurale de 501 habitants, partage tout au long de l&rsquo;ann\u00e9e son territoire avec de nombreux visiteurs venus go\u00fbter cette douceur tourangelle l\u00e9gendaire.<br>La commune, particuli\u00e8rement bien situ\u00e9e le long de la Loire, entre l&rsquo;Indre et la for\u00eat de Chinon se pr\u00eate bien volontiers aux promenades, que ce soit \u00e0 pied ou \u00e0 v\u00e9lo.<br>Cette situation g\u00e9ographique assure \u00e0 chacun, qu&rsquo;il soit touriste ou r\u00e9sident un espace de vie agr\u00e9able, au centre d\u2019une nature pr\u00e9serv\u00e9e.<br>Les lieux de promenade et de repos, am\u00e9nag\u00e9s sur l&rsquo;ensemble du territoire communal et les nombreux h\u00e9bergements disponibles vous attendent pour un agr\u00e9able s\u00e9jour en toute s\u00e9r\u00e9nit\u00e9.<br>Notre commune abrite deux sites remarquables: le ch\u00e2teau d&rsquo;Uss\u00e9 o\u00f9 dort paisiblement la Belle au bois dormant et l&rsquo;\u00e9glise Notre-Dame-de-Rigny lov\u00e9e au c\u0153ur du vallon o\u00f9 Louis XI venait parfois prier.<br>Vous trouverez dans ces pages, l&rsquo;histoire de notre commune qui nous le souhaitons vous incitera \u00e0 red\u00e9couvrir votre village, \u00e0 nous rendre visite, ou \u00e0 venir vous y installer.<br><\/p>\n\n\n\n<p>Le Maire<br>Jean-Jacques GAZAVE<\/p>\n","protected":false},"excerpt":{"rendered":"<p>Rigny-Uss\u00e9, commune rurale de 501 habitants, partage tout au long de l&rsquo;ann\u00e9e son territoire avec de nombreux visiteurs venus go\u00fbter cette douceur tourangelle l\u00e9gendaire.La commune, particuli\u00e8rement bien situ\u00e9e le long&hellip;<\/p>\n","protected":false},"author":1,"featured_media":0,"parent":0,"menu_order":0,"comment_status":"closed","ping_status":"closed","template":"","meta":{"footnotes":""},"class_list":["post-150","page","type-page","status-publish","hentry"],"_links":{"self":[{"href":"https:\/\/www.rigny-usse.mavillavoir.fr\/wordpress\/wp-json\/wp\/v2\/pages\/150","targetHints":{"allow":["GET"]}}],"collection":[{"href":"https:\/\/www.rigny-usse.mavillavoir.fr\/wordpress\/wp-json\/wp\/v2\/pages"}],"about":[{"href":"https:\/\/www.rigny-usse.mavillavoir.fr\/wordpress\/wp-json\/wp\/v2\/types\/page"}],"author":[{"embeddable":true,"href":"https:\/\/www.rigny-usse.mavillavoir.fr\/wordpress\/wp-json\/wp\/v2\/users\/1"}],"replies":[{"embeddable":true,"href":"https:\/\/www.rigny-usse.mavillavoir.fr\/wordpress\/wp-json\/wp\/v2\/comments?post=150"}],"version-history":[{"count":1,"href":"https:\/\/www.rigny-usse.mavillavoir.fr\/wordpress\/wp-json\/wp\/v2\/pages\/150\/revisions"}],"predecessor-version":[{"id":151,"href":"https:\/\/www.rigny-usse.mavillavoir.fr\/wordpress\/wp-json\/wp\/v2\/pages\/150\/revisions\/151"}],"wp:attachment":[{"href":"https:\/\/www.rigny-usse.mavillavoir.fr\/wordpress\/wp-json\/wp\/v2\/media?parent=150"}],"curies":[{"name":"wp","href":"https:\/\/api.w.org\/{rel}","templated":true}]}}