{"id":154,"date":"2025-12-15T00:43:07","date_gmt":"2025-12-14T23:43:07","guid":{"rendered":"https:\/\/www.rigny-usse.mavillavoir.fr\/wordpress\/?page_id=154"},"modified":"2025-12-15T01:12:13","modified_gmt":"2025-12-15T00:12:13","slug":"numeros-durgence-et-adresses-utiles","status":"publish","type":"page","link":"https:\/\/www.rigny-usse.mavillavoir.fr\/wordpress\/numeros-durgence-et-adresses-utiles\/","title":{"rendered":"Num\u00e9ros d&rsquo;urgence et adresses utiles"},"content":{"rendered":"\n<p class=\"has-text-align-center\">Num\u00e9ros d&rsquo;urgence et adresses utiles \u00e0 conna\u00eetre<\/p>\n\n\n\n<figure class=\"wp-block-image size-large\"><img loading=\"lazy\" decoding=\"async\" width=\"1024\" height=\"1024\" src=\"https:\/\/www.rigny-usse.mavillavoir.fr\/wordpress\/wp-content\/uploads\/2025\/12\/numeros-durgence-1024x1024.jpg\" alt=\"\" class=\"wp-image-155\" srcset=\"https:\/\/www.rigny-usse.mavillavoir.fr\/wordpress\/wp-content\/uploads\/2025\/12\/numeros-durgence-1024x1024.jpg 1024w, https:\/\/www.rigny-usse.mavillavoir.fr\/wordpress\/wp-content\/uploads\/2025\/12\/numeros-durgence-300x300.jpg 300w, https:\/\/www.rigny-usse.mavillavoir.fr\/wordpress\/wp-content\/uploads\/2025\/12\/numeros-durgence-150x150.jpg 150w, https:\/\/www.rigny-usse.mavillavoir.fr\/wordpress\/wp-content\/uploads\/2025\/12\/numeros-durgence-768x768.jpg 768w, https:\/\/www.rigny-usse.mavillavoir.fr\/wordpress\/wp-content\/uploads\/2025\/12\/numeros-durgence-1536x1536.jpg 1536w, https:\/\/www.rigny-usse.mavillavoir.fr\/wordpress\/wp-content\/uploads\/2025\/12\/numeros-durgence-2048x2048.jpg 2048w\" sizes=\"auto, (max-width: 1024px) 100vw, 1024px\" \/><\/figure>\n\n\n\n<figure class=\"wp-block-image size-large\"><img loading=\"lazy\" decoding=\"async\" width=\"1024\" height=\"570\" src=\"https:\/\/www.rigny-usse.mavillavoir.fr\/wordpress\/wp-content\/uploads\/2025\/12\/Gendarmerie_nemerique-1024x570.jpg\" alt=\"\" class=\"wp-image-156\" srcset=\"https:\/\/www.rigny-usse.mavillavoir.fr\/wordpress\/wp-content\/uploads\/2025\/12\/Gendarmerie_nemerique-1024x570.jpg 1024w, https:\/\/www.rigny-usse.mavillavoir.fr\/wordpress\/wp-content\/uploads\/2025\/12\/Gendarmerie_nemerique-300x167.jpg 300w, https:\/\/www.rigny-usse.mavillavoir.fr\/wordpress\/wp-content\/uploads\/2025\/12\/Gendarmerie_nemerique-768x428.jpg 768w, https:\/\/www.rigny-usse.mavillavoir.fr\/wordpress\/wp-content\/uploads\/2025\/12\/Gendarmerie_nemerique-1536x855.jpg 1536w, https:\/\/www.rigny-usse.mavillavoir.fr\/wordpress\/wp-content\/uploads\/2025\/12\/Gendarmerie_nemerique.jpg 1656w\" sizes=\"auto, (max-width: 1024px) 100vw, 1024px\" \/><\/figure>\n\n\n\n<p><\/p>\n\n\n\n<p class=\"has-text-align-center has-medium-font-size\" style=\"font-style:normal;font-weight:700\">En d\u00e9tail : num\u00e9ros et adresses utiles<\/p>\n\n\n\n<hr class=\"wp-block-separator has-alpha-channel-opacity\"\/>\n\n\n\n<p class=\"has-vivid-red-background-color has-background\">POMPIERS&nbsp;:&nbsp;<strong>18<\/strong><\/p>\n\n\n\n<p>Centre de secours principal de Chinon, giratoire de St Louand, 37500 CHINON<br>Site Web :<a href=\"http:\/\/rendering\/94281#\">http:\/\/www.sdis37.fr\/<\/a><\/p>\n\n\n\n<hr class=\"wp-block-separator has-alpha-channel-opacity\"\/>\n\n\n\n<p class=\"has-pale-pink-background-color has-background\">SAMU&nbsp;:&nbsp;<strong>15<\/strong><\/p>\n\n\n\n<p>SMUR \u00e0 l&rsquo;H\u00f4pital Fran\u00e7ois Rabelais t\u00e9l : 20.47.93.75.00<\/p>\n\n\n\n<hr class=\"wp-block-separator has-alpha-channel-opacity\"\/>\n\n\n\n<p class=\"has-vivid-cyan-blue-background-color has-background\">GENDARMERIE&nbsp;:&nbsp;<strong>17<\/strong><\/p>\n\n\n\n<p>CHINON : Place Jeanne d&rsquo;arc &#8211; 37500 &#8211; CHINON T\u00e9l : 20.47.93.57.80<\/p>\n\n\n\n<hr class=\"wp-block-separator has-alpha-channel-opacity\"\/>\n\n\n\n<p class=\"has-pale-cyan-blue-background-color has-background\">CENTRE-ANTIPOISON- Toxivigilance &#8211; R\u00e9gions Centre et Pays de Loire<\/p>\n\n\n\n<p>CHU &#8211; 4 Rue Larrey &#8211; 49933 &#8211; ANGERS Cedex 09 \u00a0t\u00e9l : 20.41.35.36.37<br>Courriel :<a href=\"http:\/\/rendering\/94281#\">centre-antipoison@chu-angers.fr<\/a><\/p>\n\n\n\n<hr class=\"wp-block-separator has-alpha-channel-opacity\"\/>\n\n\n\n<p class=\"has-vivid-purple-background-color has-background\">ENEDIS &#8211; GRDF &#8211; Touraine<\/p>\n\n\n\n<p>S\u00e9curit\u00e9 d\u00e9pannage Gaz : t\u00e9l : 0.800.47.33 (odeurs, fuite de gaz,&#8230;)<br>S\u00e9curit\u00e9 d\u00e9pannage EDF : t\u00e9l : 09.72.67.50.37 (coupure de r\u00e9seau, en cas de temp\u00eate,&#8230;..)<br>Information : 09.77.40.09.32 du lundi au samedi de 08h00 \u00e0 21h00.<\/p>\n\n\n\n<hr class=\"wp-block-separator has-alpha-channel-opacity\"\/>\n\n\n\n<p class=\"has-luminous-vivid-orange-background-color has-background\">FRANCE TELECOM<\/p>\n\n\n\n<p>Assistance des services fixes et internet : 39 00<\/p>\n\n\n\n<hr class=\"wp-block-separator has-alpha-channel-opacity\"\/>\n\n\n\n<p class=\"has-pale-cyan-blue-background-color has-background\">DIRECTION DEPARTEMENTALE d&rsquo;INDRE ET LOIRE (D.D.T)<\/p>\n\n\n\n<p>Cit\u00e9 administrative du Cluzel, 61 avenue de Grammont &#8211; 37000 &#8211; TOURS &#8211; T\u00e9l : 02.47.70.80.90<br>Courriel : ddt@indre-et-loire.gouv.fr<br>Site web: http:\/\/www.indre-et-loire.equipement-agriculture.gouv.fr<br>Le standard est ouvert de 9h30 \u00e0 12h00 et de 14h00 \u00e0 16h30, r\u00e9ception du public uniquement sur rendez-vous<\/p>\n\n\n\n<hr class=\"wp-block-separator has-alpha-channel-opacity\"\/>\n\n\n\n<p class=\"has-cyan-bluish-gray-background-color has-background\">ASSAD-HAD de TOURAINE<\/p>\n\n\n\n<p>25 rue Michel Colombe \u00a0-37000 &#8211; TOURS \u00a0et 4 place de l&rsquo;Europe &#8211; AZAY-le-RIDEAU &#8211; T\u00e9l : 02.47.45.48.25<br>Courriel : contact@assad-had.org<br>Site Web :<a href=\"http:\/\/rendering\/94281#\">\u00a0http:\/\/www.assad-had.org<\/a><\/p>\n\n\n\n<p>En cas de maladie, de handicap, de perte d&rsquo;autonomie ou tout simplement pour faciliter votre vie de famille, quelle que soit la situation, l&rsquo;ASSA-HAD a la solution qui vous convient :Travaux m\u00e9nagers, pr\u00e9paration des repas, aide \u00e0 la toilette, accompagnement lors de vos sorties, garde \u00e0 domicile&#8230;.<br>Contactez \u00a0l&rsquo;ASSAD-HAD pour conna\u00eetre vos droits et b\u00e9n\u00e9ficier d&rsquo;une prise en charge de ses prestations, qui peuvent \u00eatre r\u00e9gl\u00e9es par CESU (Ch\u00e8que Emploi Service Universel) ouvrant droit \u00e0 une r\u00e9duction d&rsquo;imp\u00f4ts de 50% des sommes engag\u00e9es.<\/p>\n\n\n\n<hr class=\"wp-block-separator has-alpha-channel-opacity\"\/>\n\n\n\n<p class=\"has-luminous-vivid-amber-background-color has-background\">SOUS-PREFECTURE DE CHINON<\/p>\n\n\n\n<p>1 rue Philippe de Commines- 37500 &#8211; \u00a0t\u00e9l : 02.47.64.37.37<br>Sous pr\u00e9fet : M. Michel ROBQUIN<br>Courriel : sp-chinon@indre-et-loire.gouv.fr<\/p>\n\n\n\n<p class=\"has-luminous-vivid-amber-background-color has-background\">PREFECTURE D&rsquo;INDRE-ET-LOIRE<\/p>\n\n\n\n<p>15 rue Bernard Palissy &#8211; 37925 &#8211; TOURS- \u00a0t\u00e9l : 02.47.64.37.37<br>Pr\u00e9fet : Mme. Marie LAJUS<br>Courriel :<a href=\"http:\/\/rendering\/94281#\">\u00a0prefecture@indre-et-loire.gouv.fr<\/a><\/p>\n\n\n\n<hr class=\"wp-block-separator has-alpha-channel-opacity\"\/>\n\n\n\n<p class=\"has-light-green-cyan-background-color has-background\">CONSEIL DEPARTEMENTAL D&rsquo;INDRE-ET-LOIRE<\/p>\n\n\n\n<p>18 place de la Pr\u00e9fecture &#8211; 37927 -TOURS Cedex 9 \u00a0\u00a0t\u00e9l : 02.47.31.47.31 Fax : 02.47.31.42.71<br>Pr\u00e9sident : Mme Nad\u00e8ge Arnaud<br>Conseiller g\u00e9n\u00e9ral pour le canton de CHINON : M. Franck Chartier<br>Site Web :<a href=\"http:\/\/rendering\/94281#\">\u00a0http:\/\/www.touraine.fr<\/a><\/p>\n\n\n\n<hr class=\"wp-block-separator has-alpha-channel-opacity\"\/>\n\n\n\n<p class=\"has-pale-cyan-blue-background-color has-background\">VEOLIA Eau CFSP<\/p>\n\n\n\n<p>3 rue Joseph Cugnot &#8211; 37300 &#8211; Jou\u00e9 l\u00e8s Tours<br>02.47.67.89.77<br>Site Web :<a href=\"http:\/\/rendering\/94281#\">\u00a0http:\/\/www.service.eau.veolia.fr<\/a><\/p>\n\n\n\n<p><\/p>\n","protected":false},"excerpt":{"rendered":"<p>Num\u00e9ros d&rsquo;urgence et adresses utiles \u00e0 conna\u00eetre En d\u00e9tail : num\u00e9ros et adresses utiles POMPIERS&nbsp;:&nbsp;18 Centre de secours principal de Chinon, giratoire de St Louand, 37500 CHINONSite Web :http:\/\/www.sdis37.fr\/ SAMU&nbsp;:&nbsp;15&hellip;<\/p>\n","protected":false},"author":1,"featured_media":0,"parent":0,"menu_order":0,"comment_status":"closed","ping_status":"closed","template":"","meta":{"footnotes":""},"class_list":["post-154","page","type-page","status-publish","hentry"],"_links":{"self":[{"href":"https:\/\/www.rigny-usse.mavillavoir.fr\/wordpress\/wp-json\/wp\/v2\/pages\/154","targetHints":{"allow":["GET"]}}],"collection":[{"href":"https:\/\/www.rigny-usse.mavillavoir.fr\/wordpress\/wp-json\/wp\/v2\/pages"}],"about":[{"href":"https:\/\/www.rigny-usse.mavillavoir.fr\/wordpress\/wp-json\/wp\/v2\/types\/page"}],"author":[{"embeddable":true,"href":"https:\/\/www.rigny-usse.mavillavoir.fr\/wordpress\/wp-json\/wp\/v2\/users\/1"}],"replies":[{"embeddable":true,"href":"https:\/\/www.rigny-usse.mavillavoir.fr\/wordpress\/wp-json\/wp\/v2\/comments?post=154"}],"version-history":[{"count":1,"href":"https:\/\/www.rigny-usse.mavillavoir.fr\/wordpress\/wp-json\/wp\/v2\/pages\/154\/revisions"}],"predecessor-version":[{"id":157,"href":"https:\/\/www.rigny-usse.mavillavoir.fr\/wordpress\/wp-json\/wp\/v2\/pages\/154\/revisions\/157"}],"wp:attachment":[{"href":"https:\/\/www.rigny-usse.mavillavoir.fr\/wordpress\/wp-json\/wp\/v2\/media?parent=154"}],"curies":[{"name":"wp","href":"https:\/\/api.w.org\/{rel}","templated":true}]}}